{"id":4596,"date":"2026-04-08T07:09:01","date_gmt":"2026-04-08T07:09:01","guid":{"rendered":"https:\/\/abishe.ir\/about-us\/"},"modified":"2026-04-21T18:26:52","modified_gmt":"2026-04-21T18:26:52","slug":"hakkimizda","status":"publish","type":"page","link":"https:\/\/bobtco.com\/tr\/hakkimizda\/","title":{"rendered":"Hakk\u0131m\u0131zda"},"content":{"rendered":"\t\t<div data-elementor-type=\"wp-page\" data-elementor-id=\"4596\" class=\"elementor elementor-4596\">\n\t\t\t\t<div class=\"elementor-element elementor-element-f4d8646 e-con-full e-flex elementor-invisible e-con e-parent\" data-id=\"f4d8646\" data-element_type=\"container\" data-settings=\"{&quot;background_background&quot;:&quot;classic&quot;,&quot;jet_parallax_layout_list&quot;:[],&quot;animation&quot;:&quot;fadeInLeft&quot;}\">\n\t\t<div class=\"elementor-element elementor-element-dcb2a0e e-con-full e-flex e-con e-child\" data-id=\"dcb2a0e\" data-element_type=\"container\" data-settings=\"{&quot;jet_parallax_layout_list&quot;:[]}\">\n\t\t\t\t<div class=\"elementor-element elementor-element-2a7f35a wd-width-100 elementor-widget elementor-widget-wd_title\" data-id=\"2a7f35a\" data-element_type=\"widget\" data-widget_type=\"wd_title.default\">\n\t\t\t\t<div class=\"elementor-widget-container\">\n\t\t\t\t\t\t\t<div class=\"title-wrapper wd-set-mb reset-last-child wd-title-color-default wd-title-style-bordered wd-title-size-default text-left\">\n\n\t\t\t\n\t\t\t<div class=\"liner-continer\">\n\t\t\t\t<h4 class=\"woodmart-title-container title wd-fontsize-l wd-underline-colored\">Hakk\u0131m\u0131zda  <u><\/u> <\/h4> \n\t\t\t\t\t\t\t<\/div>\n\n\t\t\t\t\t\t\t<div class=\"title-after_title reset-last-child wd-fontsize-xs\">\n\t\t\t\t\t<p>BOB, yap\u0131 kimyasallar\u0131 ve donat\u0131 ba\u011flant\u0131 teknolojileri alan\u0131nda faaliyet g\u00f6steren yenilik\u00e7i ve g\u00fcvenilir bir m\u00fchendislik firmas\u0131d\u0131r. 2014 y\u0131l\u0131ndan itibaren Orta Do\u011fu\u2019da ba\u015flayan faaliyetlerini, 2022 y\u0131l\u0131nda \u0130stanbul\u2019da kurumsal yap\u0131ya ta\u015f\u0131yarak geni\u015fletmi\u015ftir.<\/p><p>\u015eirketimiz; kuru kar\u0131\u015f\u0131m har\u00e7lar, yap\u0131 yap\u0131\u015ft\u0131r\u0131c\u0131lar\u0131, su ve \u0131s\u0131 yal\u0131t\u0131m\u0131 \u00e7\u00f6z\u00fcmleri ile beton katk\u0131 maddeleri gibi geni\u015f bir \u00fcr\u00fcn yelpazesi sunmaktad\u0131r. T\u00fcm \u00fcr\u00fcnlerimiz, ulusal ve uluslararas\u0131 standartlara uygun olarak, modern ve tam otomatik \u00fcretim teknolojileri ile geli\u015ftirilmektedir.<\/p><p>BOB\u2019un temel g\u00fcc\u00fc; uzman kadrosu, ileri teknolojiye dayal\u0131 \u00fcretim altyap\u0131s\u0131 ve Ar-Ge odakl\u0131 yakla\u015f\u0131m\u0131d\u0131r. Geli\u015ftirdi\u011fimiz sistemler, yap\u0131 g\u00fcvenli\u011fini art\u0131r\u0131rken uzun \u00f6m\u00fcrl\u00fc ve y\u00fcksek performansl\u0131 \u00e7\u00f6z\u00fcmler sunar.<\/p><p>M\u00fc\u015fteri odakl\u0131 yakla\u015f\u0131m\u0131m\u0131zla, ihtiya\u00e7lara \u00f6zel \u00e7\u00f6z\u00fcmler geli\u015ftiriyor; kalite, \u00e7evreye duyarl\u0131l\u0131k ve s\u00fcrd\u00fcr\u00fclebilirlik ilkeleri do\u011frultusunda hareket ediyoruz. Yenilik\u00e7i ve \u00e7evre dostu \u00fcr\u00fcnler \u00fcretmek, sekt\u00f6rde rekabet avantaj\u0131m\u0131z\u0131n temelini olu\u015fturmaktad\u0131r.<\/p><p>Bug\u00fcne kadar bir\u00e7ok \u00f6nemli projede tercih edilen \u00fcr\u00fcnlerimiz, g\u00fcvenilirli\u011fimizin ve tecr\u00fcbemizin en g\u00fc\u00e7l\u00fc g\u00f6stergesidir.<\/p><p>Vizyonumuz, s\u00fcrekli geli\u015fim ve yenilik anlay\u0131\u015f\u0131yla sekt\u00f6rdeki lider konumumuzu g\u00fc\u00e7lendirmek ve m\u00fc\u015fterilerimize en y\u00fcksek standartlarda \u00e7\u00f6z\u00fcmler sunmakt\u0131r.<\/p>\t\t\t\t<\/div>\n\t\t\t\t\t<\/div>\n\t\t\t\t\t\t<\/div>\n\t\t\t\t<\/div>\n\t\t\t\t<\/div>\n\t\t<div class=\"elementor-element elementor-element-d50b3b0 e-con-full e-flex e-con e-child\" data-id=\"d50b3b0\" data-element_type=\"container\" data-settings=\"{&quot;jet_parallax_layout_list&quot;:[]}\">\n\t\t\t\t<div class=\"elementor-element elementor-element-05c6aba elementor-widget elementor-widget-wd_image_or_svg\" data-id=\"05c6aba\" data-element_type=\"widget\" data-widget_type=\"wd_image_or_svg.default\">\n\t\t\t\t<div class=\"elementor-widget-container\">\n\t\t\t\t\t\n\t\t<div class=\"wd-image text-left\">\n\t\t\t\t\t\t\t\t<img fetchpriority=\"high\" decoding=\"async\" width=\"1080\" height=\"689\" src=\"https:\/\/bobtco.com\/wp-content\/uploads\/2026\/04\/Screenshot_20260415_013259_Google.jpg\" class=\"attachment-full size-full\" alt=\"\" srcset=\"https:\/\/bobtco.com\/wp-content\/uploads\/2026\/04\/Screenshot_20260415_013259_Google.jpg 1080w, https:\/\/bobtco.com\/wp-content\/uploads\/2026\/04\/Screenshot_20260415_013259_Google-300x191.jpg 300w, https:\/\/bobtco.com\/wp-content\/uploads\/2026\/04\/Screenshot_20260415_013259_Google-1024x653.jpg 1024w, https:\/\/bobtco.com\/wp-content\/uploads\/2026\/04\/Screenshot_20260415_013259_Google-768x490.jpg 768w, https:\/\/bobtco.com\/wp-content\/uploads\/2026\/04\/Screenshot_20260415_013259_Google-600x383.jpg 600w, https:\/\/bobtco.com\/wp-content\/uploads\/2026\/04\/Screenshot_20260415_013259_Google-150x96.jpg 150w\" sizes=\"(max-width: 1080px) 100vw, 1080px\" \/>\t\t\t\t\t<\/div>\n\n\t\t\t\t\t\t<\/div>\n\t\t\t\t<\/div>\n\t\t\t\t<\/div>\n\t\t\t\t<\/div>\n\t\t\t\t<\/div>\n\t\t","protected":false},"excerpt":{"rendered":"<p>Hakk\u0131m\u0131zda BOB, yap\u0131 kimyasallar\u0131 ve donat\u0131 ba\u011flant\u0131 teknolojileri alan\u0131nda faaliyet g\u00f6steren yenilik\u00e7i ve g\u00fcvenilir bir m\u00fchendislik firmas\u0131d\u0131r. 2014 y\u0131l\u0131ndan itibaren<\/p>\n","protected":false},"author":99,"featured_media":0,"parent":0,"menu_order":0,"comment_status":"closed","ping_status":"closed","template":"elementor_header_footer","meta":{"footnotes":""},"class_list":["post-4596","page","type-page","status-publish","hentry"],"_links":{"self":[{"href":"https:\/\/bobtco.com\/tr\/wp-json\/wp\/v2\/pages\/4596","targetHints":{"allow":["GET"]}}],"collection":[{"href":"https:\/\/bobtco.com\/tr\/wp-json\/wp\/v2\/pages"}],"about":[{"href":"https:\/\/bobtco.com\/tr\/wp-json\/wp\/v2\/types\/page"}],"author":[{"embeddable":true,"href":"https:\/\/bobtco.com\/tr\/wp-json\/wp\/v2\/users\/99"}],"replies":[{"embeddable":true,"href":"https:\/\/bobtco.com\/tr\/wp-json\/wp\/v2\/comments?post=4596"}],"version-history":[{"count":5,"href":"https:\/\/bobtco.com\/tr\/wp-json\/wp\/v2\/pages\/4596\/revisions"}],"predecessor-version":[{"id":4968,"href":"https:\/\/bobtco.com\/tr\/wp-json\/wp\/v2\/pages\/4596\/revisions\/4968"}],"wp:attachment":[{"href":"https:\/\/bobtco.com\/tr\/wp-json\/wp\/v2\/media?parent=4596"}],"curies":[{"name":"wp","href":"https:\/\/api.w.org\/{rel}","templated":true}]}}